{"id":17166,"date":"2025-09-01T13:36:07","date_gmt":"2025-09-01T13:36:07","guid":{"rendered":"https:\/\/mastermotosport.com\/?post_type=product&#038;p=17166"},"modified":"2025-09-01T13:38:30","modified_gmt":"2025-09-01T13:38:30","slug":"gmax-ff-98","status":"publish","type":"product","link":"https:\/\/mastermotosport.com\/es\/producto\/gmax-ff-98\/","title":{"rendered":"GMAX FF-98"},"content":{"rendered":"","protected":false},"excerpt":{"rendered":"<div class=\"title\"><span dir=\"auto\" style=\"vertical-align: inherit;\"><span dir=\"auto\" style=\"vertical-align: inherit;\">Descripci\u00f3n:<\/span><\/span><\/div>\n<div class=\"description\"><span dir=\"auto\" style=\"vertical-align: inherit;\"><span dir=\"auto\" style=\"vertical-align: inherit;\">El FF-98 cuenta con el nuevo mecanismo de protecci\u00f3n facial de liberaci\u00f3n r\u00e1pida de GMAX con bloqueo de protecci\u00f3n y nuestra luz trasera LED integrada con opci\u00f3n de actualizaci\u00f3n a nuestro kit de luz de freno.<\/span><\/span><\/div>\n<div class=\"title\"><span dir=\"auto\" style=\"vertical-align: inherit;\"><span dir=\"auto\" style=\"vertical-align: inherit;\">Caracter\u00edsticas:<\/span><\/span><\/div>\n<ul>\n<li><span dir=\"auto\" style=\"vertical-align: inherit;\"><span dir=\"auto\" style=\"vertical-align: inherit;\">Aprobado por el DOT<\/span><\/span><\/li>\n<li><span dir=\"auto\" style=\"vertical-align: inherit;\"><span dir=\"auto\" style=\"vertical-align: inherit;\">El interior SpaSoft\u2122 te mantiene seco y c\u00f3modo.<\/span><\/span><\/li>\n<li><span dir=\"auto\" style=\"vertical-align: inherit;\"><span dir=\"auto\" style=\"vertical-align: inherit;\">La tecnolog\u00eda COOLMAX\u00ae CORE absorbe la humedad del cuerpo y se seca r\u00e1pidamente. La fibra de bamb\u00fa de carb\u00f3n previene el mal olor al eliminar el crecimiento bacteriano.<\/span><\/span><\/li>\n<li><span dir=\"auto\" style=\"vertical-align: inherit;\"><span dir=\"auto\" style=\"vertical-align: inherit;\">El interior SpaSoft\u2122 extra\u00edble, ajustable y lavable permite una f\u00e1cil limpieza y un ajuste personalizado.<\/span><\/span><\/li>\n<li><span dir=\"auto\" style=\"vertical-align: inherit;\"><span dir=\"auto\" style=\"vertical-align: inherit;\">Nuevo mecanismo de protecci\u00f3n facial de liberaci\u00f3n r\u00e1pida y sin herramientas<\/span><\/span><\/li>\n<li><span dir=\"auto\" style=\"vertical-align: inherit;\"><span dir=\"auto\" style=\"vertical-align: inherit;\">Ocho salidas de aire de admisi\u00f3n y escape<\/span><\/span><\/li>\n<li><span dir=\"auto\" style=\"vertical-align: inherit;\"><span dir=\"auto\" style=\"vertical-align: inherit;\">Luz trasera LED roja multifunci\u00f3n integrada. (Kit de luz de freno inal\u00e1mbrica opcional disponible, n.\u00b0 de pieza 72-3781)<\/span><\/span><\/li>\n<li><span dir=\"auto\" style=\"vertical-align: inherit;\"><span dir=\"auto\" style=\"vertical-align: inherit;\">Carcasa ligera de aleaci\u00f3n de polietileno. El tama\u00f1o grande pesa solo 1,6 kg.<\/span><\/span><\/li>\n<li><span dir=\"auto\" style=\"vertical-align: inherit;\"><span dir=\"auto\" style=\"vertical-align: inherit;\">Parasol abatible con revestimiento antivaho<\/span><\/span><\/li>\n<li><span dir=\"auto\" style=\"vertical-align: inherit;\"><span dir=\"auto\" style=\"vertical-align: inherit;\">Pantallas con revestimiento UV400 con 100 % de protecci\u00f3n UV<\/span><\/span><\/li>\n<li><span dir=\"auto\" style=\"vertical-align: inherit;\"><span dir=\"auto\" style=\"vertical-align: inherit;\">Bloqueo de escudo<\/span><\/span><\/li>\n<li><span dir=\"auto\" style=\"vertical-align: inherit;\"><span dir=\"auto\" style=\"vertical-align: inherit;\">Deflector de aliento y cortina de barbilla incluidos<\/span><\/span><\/li>\n<li><span dir=\"auto\" style=\"vertical-align: inherit;\"><span dir=\"auto\" style=\"vertical-align: inherit;\">Bolsillos para altavoces incorporados<\/span><\/span><\/li>\n<li><span dir=\"auto\" style=\"vertical-align: inherit;\"><span dir=\"auto\" style=\"vertical-align: inherit;\">Compatible con intercomunicador<\/span><\/span><\/li>\n<\/ul>","protected":false},"featured_media":17170,"comment_status":"open","ping_status":"closed","template":"","meta":{"_joinchat":[]},"product_brand":[],"product_cat":[132,135],"product_tag":[],"class_list":{"0":"post-17166","1":"product","2":"type-product","3":"status-publish","4":"has-post-thumbnail","6":"product_cat-accesories","7":"product_cat-helmet","9":"first","10":"instock","11":"shipping-taxable","12":"purchasable","13":"product-type-simple"},"_links":{"self":[{"href":"https:\/\/mastermotosport.com\/es\/wp-json\/wp\/v2\/product\/17166","targetHints":{"allow":["GET"]}}],"collection":[{"href":"https:\/\/mastermotosport.com\/es\/wp-json\/wp\/v2\/product"}],"about":[{"href":"https:\/\/mastermotosport.com\/es\/wp-json\/wp\/v2\/types\/product"}],"replies":[{"embeddable":true,"href":"https:\/\/mastermotosport.com\/es\/wp-json\/wp\/v2\/comments?post=17166"}],"version-history":[{"count":2,"href":"https:\/\/mastermotosport.com\/es\/wp-json\/wp\/v2\/product\/17166\/revisions"}],"predecessor-version":[{"id":17173,"href":"https:\/\/mastermotosport.com\/es\/wp-json\/wp\/v2\/product\/17166\/revisions\/17173"}],"wp:featuredmedia":[{"embeddable":true,"href":"https:\/\/mastermotosport.com\/es\/wp-json\/wp\/v2\/media\/17170"}],"wp:attachment":[{"href":"https:\/\/mastermotosport.com\/es\/wp-json\/wp\/v2\/media?parent=17166"}],"wp:term":[{"taxonomy":"product_brand","embeddable":true,"href":"https:\/\/mastermotosport.com\/es\/wp-json\/wp\/v2\/product_brand?post=17166"},{"taxonomy":"product_cat","embeddable":true,"href":"https:\/\/mastermotosport.com\/es\/wp-json\/wp\/v2\/product_cat?post=17166"},{"taxonomy":"product_tag","embeddable":true,"href":"https:\/\/mastermotosport.com\/es\/wp-json\/wp\/v2\/product_tag?post=17166"}],"curies":[{"name":"wp","href":"https:\/\/api.w.org\/{rel}","templated":true}]}}