{"id":17182,"date":"2025-09-01T15:27:39","date_gmt":"2025-09-01T15:27:39","guid":{"rendered":"https:\/\/mastermotosport.com\/?post_type=product&#038;p=17182"},"modified":"2025-09-01T16:06:06","modified_gmt":"2025-09-01T16:06:06","slug":"scorpion-exo-r1-air","status":"publish","type":"product","link":"https:\/\/mastermotosport.com\/es\/producto\/scorpion-exo-r1-air\/","title":{"rendered":"SCORPION EXO R1 AIR"},"content":{"rendered":"<div class=\"title\"><span dir=\"auto\" style=\"vertical-align: inherit;\"><span dir=\"auto\" style=\"vertical-align: inherit;\">Descripci\u00f3n:<\/span><\/span><\/div>\n<div class=\"description\"><span dir=\"auto\" style=\"vertical-align: inherit;\"><span dir=\"auto\" style=\"vertical-align: inherit;\">Sin importar d\u00f3nde lo uses, en la pista, en un ca\u00f1\u00f3n o en un p\u00e1ramo urbano, el Scorpion EXO-R1 Air fue dise\u00f1ado, fabricado y probado para satisfacer las demandas de las carreras de Moto GP\u00ae y World Superbike\u00ae, al mismo tiempo que brinda caracter\u00edsticas que benefician a todos los pilotos.<\/span><\/span><\/div>\n<div class=\"title\"><span dir=\"auto\" style=\"vertical-align: inherit;\"><span dir=\"auto\" style=\"vertical-align: inherit;\">Caracter\u00edsticas:<\/span><\/span><\/div>\n<ul>\n<li><span dir=\"auto\" style=\"vertical-align: inherit;\"><span dir=\"auto\" style=\"vertical-align: inherit;\">Aprobado por DOT-218\/ECE<\/span><\/span><\/li>\n<li><span dir=\"auto\" style=\"vertical-align: inherit;\"><span dir=\"auto\" style=\"vertical-align: inherit;\">La carcasa multicapa Ultra-TCT\u00ae combina fibras de fibra de vidrio, aramida y poliresina que minimizan el peso y maximizan la resistencia y la dispersi\u00f3n del impacto.<\/span><\/span><\/li>\n<li><span dir=\"auto\" style=\"vertical-align: inherit;\"><span dir=\"auto\" style=\"vertical-align: inherit;\">La escultura de la carcasa aerodin\u00e1mica ayuda a reducir la resistencia aerodin\u00e1mica, mejorar el equilibrio y maximizar la movilidad.<\/span><\/span><\/li>\n<li><span dir=\"auto\" style=\"vertical-align: inherit;\"><span dir=\"auto\" style=\"vertical-align: inherit;\">El EPS multicapa avanzado proporciona una absorci\u00f3n de energ\u00eda superior y canales para un mayor flujo de aire.<\/span><\/span><\/li>\n<li><span dir=\"auto\" style=\"vertical-align: inherit;\"><span dir=\"auto\" style=\"vertical-align: inherit;\">La ventilaci\u00f3n Aero-Tuned cuenta con un sistema de admisi\u00f3n Ram-Air, un sistema de aler\u00f3n de escape de 4 puertos y canales EPS para un efecto de flujo \u00f3ptimo.<\/span><\/span><\/li>\n<li><span dir=\"auto\" style=\"vertical-align: inherit;\"><span dir=\"auto\" style=\"vertical-align: inherit;\">Pantalla facial MaxVision\u00ae Pinlock-Ready\u00ae transparente, \u00f3pticamente superior, instalada. Con revestimiento antirayaduras, ofrece un 95 % de protecci\u00f3n UV-A y UV-B.<\/span><\/span><\/li>\n<li><span dir=\"auto\" style=\"vertical-align: inherit;\"><span dir=\"auto\" style=\"vertical-align: inherit;\">El mecanismo de protecci\u00f3n facial de liberaci\u00f3n r\u00e1pida Elliptec\u00ae II con bloqueo central integrado proporciona un sellado superior entre el protector y la junta.<\/span><\/span><\/li>\n<li><span dir=\"auto\" style=\"vertical-align: inherit;\"><span dir=\"auto\" style=\"vertical-align: inherit;\">GRATIS Pantalla facial adicional MaxVision\u00ae Pinlock\u00ae color humo oscuro e inserto antivaho Pinlock\u00ae incluidos<\/span><\/span><\/li>\n<li><span dir=\"auto\" style=\"vertical-align: inherit;\"><span dir=\"auto\" style=\"vertical-align: inherit;\">El interior KwikWick\u00ae III extra\u00edble y lavable te mantiene fresco, seco y c\u00f3modo.<\/span><\/span><\/li>\n<li><span dir=\"auto\" style=\"vertical-align: inherit;\"><span dir=\"auto\" style=\"vertical-align: inherit;\">El sistema de ajuste de inflado Airfit\u00ae proporciona un ajuste personalizado a las almohadillas de las mejillas, reduciendo tambi\u00e9n el ruido del viento y la elevaci\u00f3n.<\/span><\/span><\/li>\n<li><span dir=\"auto\" style=\"vertical-align: inherit;\"><span dir=\"auto\" style=\"vertical-align: inherit;\">Las almohadillas para las mejillas Kwikfit\u00ae contorneadas en 3D permiten un f\u00e1cil acceso para la mayor\u00eda de los anteojos<\/span><\/span><\/li>\n<li><span dir=\"auto\" style=\"vertical-align: inherit;\"><span dir=\"auto\" style=\"vertical-align: inherit;\">Almohadillas para las mejillas de liberaci\u00f3n de emergencia, compatibles con EMT<\/span><\/span><\/li>\n<li><span dir=\"auto\" style=\"vertical-align: inherit;\"><span dir=\"auto\" style=\"vertical-align: inherit;\">Bolsillos para altavoces integrados para acomodar los altavoces del sistema de comunicaci\u00f3n BlueTooth\u00ae<\/span><\/span><\/li>\n<li><span dir=\"auto\" style=\"vertical-align: inherit;\"><span dir=\"auto\" style=\"vertical-align: inherit;\">Deflector de aliento incluido para un rendimiento mejorado sin niebla.<\/span><\/span><\/li>\n<li><span dir=\"auto\" style=\"vertical-align: inherit;\"><span dir=\"auto\" style=\"vertical-align: inherit;\">Falda aerodin\u00e1mica (cortina de barbilla) incluida para ayudar a reducir el ruido del viento<\/span><\/span><\/li>\n<li><span dir=\"auto\" style=\"vertical-align: inherit;\"><span dir=\"auto\" style=\"vertical-align: inherit;\">Anillos D dobles de titanio<\/span><\/span><\/li>\n<li><span dir=\"auto\" style=\"vertical-align: inherit;\"><span dir=\"auto\" style=\"vertical-align: inherit;\">Garant\u00eda de 5 a\u00f1os<\/span><\/span><\/li>\n<\/ul>","protected":false},"excerpt":{"rendered":"<p>Descripci\u00f3n: Sin importar d\u00f3nde lo uses, en la pista, en un ca\u00f1\u00f3n o en un p\u00e1ramo urbano, el Scorpion EXO-R1<\/p>","protected":false},"featured_media":17183,"comment_status":"open","ping_status":"closed","template":"","meta":{"_joinchat":[]},"product_brand":[],"product_cat":[132,135],"product_tag":[],"class_list":{"0":"post-17182","1":"product","2":"type-product","3":"status-publish","4":"has-post-thumbnail","6":"product_cat-accesories","7":"product_cat-helmet","9":"first","10":"instock","11":"shipping-taxable","12":"purchasable","13":"product-type-simple"},"_links":{"self":[{"href":"https:\/\/mastermotosport.com\/es\/wp-json\/wp\/v2\/product\/17182","targetHints":{"allow":["GET"]}}],"collection":[{"href":"https:\/\/mastermotosport.com\/es\/wp-json\/wp\/v2\/product"}],"about":[{"href":"https:\/\/mastermotosport.com\/es\/wp-json\/wp\/v2\/types\/product"}],"replies":[{"embeddable":true,"href":"https:\/\/mastermotosport.com\/es\/wp-json\/wp\/v2\/comments?post=17182"}],"version-history":[{"count":2,"href":"https:\/\/mastermotosport.com\/es\/wp-json\/wp\/v2\/product\/17182\/revisions"}],"predecessor-version":[{"id":17187,"href":"https:\/\/mastermotosport.com\/es\/wp-json\/wp\/v2\/product\/17182\/revisions\/17187"}],"wp:featuredmedia":[{"embeddable":true,"href":"https:\/\/mastermotosport.com\/es\/wp-json\/wp\/v2\/media\/17183"}],"wp:attachment":[{"href":"https:\/\/mastermotosport.com\/es\/wp-json\/wp\/v2\/media?parent=17182"}],"wp:term":[{"taxonomy":"product_brand","embeddable":true,"href":"https:\/\/mastermotosport.com\/es\/wp-json\/wp\/v2\/product_brand?post=17182"},{"taxonomy":"product_cat","embeddable":true,"href":"https:\/\/mastermotosport.com\/es\/wp-json\/wp\/v2\/product_cat?post=17182"},{"taxonomy":"product_tag","embeddable":true,"href":"https:\/\/mastermotosport.com\/es\/wp-json\/wp\/v2\/product_tag?post=17182"}],"curies":[{"name":"wp","href":"https:\/\/api.w.org\/{rel}","templated":true}]}}